{"id":1292,"date":"2021-02-17T23:12:28","date_gmt":"2021-02-17T22:12:28","guid":{"rendered":"https:\/\/www.jazeraajazierka.eu\/?page_id=1292"},"modified":"2021-02-25T22:05:27","modified_gmt":"2021-02-25T21:05:27","slug":"vizualizacie","status":"publish","type":"page","link":"https:\/\/www.jazeraajazierka.eu\/?page_id=1292","title":{"rendered":"Vizualiz\u00e1cie"},"content":{"rendered":"<p>[vc_row][vc_column][vc_empty_space height=&#8220;100&#8243;][\/vc_column][\/vc_row][vc_row][vc_column]      <div class=\"heading-block heading-602d958a738f4 tac h-h3 with-line\">\n                  <h3 class=\"h\">Vizualiz\u00e1cie<\/h3>\n              <\/div>\n    [vc_separator][vc_column_text]<\/p>\n<p style=\"text-align: center;\"><strong>NOVINKOU<\/strong> pre na\u0161ich klientov je digit\u00e1lna vizualiz\u00e1cia. Jej s\u00fa\u010das\u0165ou s\u00fa statick\u00e9 sn\u00edmky ako aj n\u00e1h\u013eadov\u00e9 video. V\u010faka tomu si budete m\u00f4c\u0165 vopred pozrie\u0165 predbe\u017en\u00fd vzh\u013ead fin\u00e1lneho produktu.<\/p>\n<p>[\/vc_column_text][\/vc_column][\/vc_row][vc_row css=&#8220;.vc_custom_1613606261648{padding-right: 100px !important;padding-left: 100px !important;}&#8220; uniqid=&#8220;602dad647e0e9&#8243;][vc_column]<div class=\"portfolio-block\"><div class=\"portfolio-items load-wrap row portfolio-type-grid portfolio_hover_type_2 portfolio-602da72a8b94e \"><article class=\"portfolio-item  category-vizualizacie col-12 col-sm-4 col-md-3\"><div class=\"wrap\"><div class=\"a-img\" data-original=\"https:\/\/www.jazeraajazierka.eu\/wp-content\/uploads\/2021\/02\/Snimka-obrazovky-2021-02-26-o-0.28.08-1024x534.jpg\"><div style=\"background-image: url(https:\/\/www.jazeraajazierka.eu\/wp-content\/uploads\/2021\/02\/Snimka-obrazovky-2021-02-26-o-0.28.08-70x36.jpg);\"><\/div><\/div><div class=\"content\"><h5>Vizualiz\u00e1cia \/ 17<\/h5><\/div><a href=\"https:\/\/www.jazeraajazierka.eu\/?pt-portfolio=vizualizacia-17\" data-magic-cursor=\"link-w-text\" data-magic-cursor-text=\"Pozrie\u0165\" data-id=\"1\"><\/a><\/div><\/article><article class=\"portfolio-item  category-vizualizacie col-12 col-sm-4 col-md-3\"><div class=\"wrap\"><div class=\"a-img\" data-original=\"https:\/\/www.jazeraajazierka.eu\/wp-content\/uploads\/2021\/02\/Snimka-obrazovky-2021-02-26-o-0.27.10-1024x534.jpg\"><div style=\"background-image: url(https:\/\/www.jazeraajazierka.eu\/wp-content\/uploads\/2021\/02\/Snimka-obrazovky-2021-02-26-o-0.27.10-70x36.jpg);\"><\/div><\/div><div class=\"content\"><h5>Vizualiz\u00e1cia \/ 16<\/h5><\/div><a href=\"https:\/\/www.jazeraajazierka.eu\/?pt-portfolio=vizualizacia-16\" data-magic-cursor=\"link-w-text\" data-magic-cursor-text=\"Pozrie\u0165\" data-id=\"2\"><\/a><\/div><\/article><article class=\"portfolio-item  category-vizualizacie col-12 col-sm-4 col-md-3\"><div class=\"wrap\"><div class=\"a-img\" data-original=\"https:\/\/www.jazeraajazierka.eu\/wp-content\/uploads\/2021\/02\/Snimka-obrazovky-2021-02-26-o-0.26.13-1024x534.jpg\"><div style=\"background-image: url(https:\/\/www.jazeraajazierka.eu\/wp-content\/uploads\/2021\/02\/Snimka-obrazovky-2021-02-26-o-0.26.13-70x36.jpg);\"><\/div><\/div><div class=\"content\"><h5>Vizualiz\u00e1cia \/ 15<\/h5><\/div><a href=\"https:\/\/www.jazeraajazierka.eu\/?pt-portfolio=vizualizacia-15\" data-magic-cursor=\"link-w-text\" data-magic-cursor-text=\"Pozrie\u0165\" data-id=\"3\"><\/a><\/div><\/article><article class=\"portfolio-item  category-vizualizacie col-12 col-sm-4 col-md-3\"><div class=\"wrap\"><div class=\"a-img\" data-original=\"https:\/\/www.jazeraajazierka.eu\/wp-content\/uploads\/2021\/02\/Snimka-obrazovky-2021-02-26-o-0.25.12-1024x534.jpg\"><div style=\"background-image: url(https:\/\/www.jazeraajazierka.eu\/wp-content\/uploads\/2021\/02\/Snimka-obrazovky-2021-02-26-o-0.25.12-70x36.jpg);\"><\/div><\/div><div class=\"content\"><h5>Vizualiz\u00e1cia \/ 14<\/h5><\/div><a href=\"https:\/\/www.jazeraajazierka.eu\/?pt-portfolio=vizualizacia-14\" data-magic-cursor=\"link-w-text\" data-magic-cursor-text=\"Pozrie\u0165\" data-id=\"4\"><\/a><\/div><\/article><article class=\"portfolio-item  category-vizualizacie col-12 col-sm-4 col-md-3\"><div class=\"wrap\"><div class=\"a-img\" data-original=\"https:\/\/www.jazeraajazierka.eu\/wp-content\/uploads\/2021\/02\/Snimka-obrazovky-2021-02-26-o-0.23.50-1024x534.jpg\"><div style=\"background-image: url(https:\/\/www.jazeraajazierka.eu\/wp-content\/uploads\/2021\/02\/Snimka-obrazovky-2021-02-26-o-0.23.50-70x36.jpg);\"><\/div><\/div><div class=\"content\"><h5>Vizualiz\u00e1cia \/ 13<\/h5><\/div><a href=\"https:\/\/www.jazeraajazierka.eu\/?pt-portfolio=vizualizacia-13\" data-magic-cursor=\"link-w-text\" data-magic-cursor-text=\"Pozrie\u0165\" data-id=\"5\"><\/a><\/div><\/article><article class=\"portfolio-item  category-vizualizacie col-12 col-sm-4 col-md-3\"><div class=\"wrap\"><div class=\"a-img\" data-original=\"https:\/\/www.jazeraajazierka.eu\/wp-content\/uploads\/2021\/02\/Snimka-obrazovky-2021-02-26-o-0.22.21-1024x534.jpg\"><div style=\"background-image: url(https:\/\/www.jazeraajazierka.eu\/wp-content\/uploads\/2021\/02\/Snimka-obrazovky-2021-02-26-o-0.22.21-70x36.jpg);\"><\/div><\/div><div class=\"content\"><h5>Vizualiz\u00e1cia \/ 12<\/h5><\/div><a href=\"https:\/\/www.jazeraajazierka.eu\/?pt-portfolio=vizualizacia-12\" data-magic-cursor=\"link-w-text\" data-magic-cursor-text=\"Pozrie\u0165\" data-id=\"6\"><\/a><\/div><\/article><article class=\"portfolio-item  category-vizualizacie col-12 col-sm-4 col-md-3\"><div class=\"wrap\"><div class=\"a-img\" data-original=\"https:\/\/www.jazeraajazierka.eu\/wp-content\/uploads\/2021\/02\/vt-1024x576.jpg\"><div style=\"background-image: url(https:\/\/www.jazeraajazierka.eu\/wp-content\/uploads\/2021\/02\/vt-70x39.jpg);\"><\/div><\/div><div class=\"content\"><h5>Vizualiz\u00e1cia \/ 11<\/h5><\/div><a href=\"https:\/\/www.jazeraajazierka.eu\/?pt-portfolio=vizualizacia-11\" data-magic-cursor=\"link-w-text\" data-magic-cursor-text=\"Pozrie\u0165\" data-id=\"7\"><\/a><\/div><\/article><article class=\"portfolio-item  category-vizualizacie col-12 col-sm-4 col-md-3\"><div class=\"wrap\"><div class=\"a-img\" data-original=\"https:\/\/www.jazeraajazierka.eu\/wp-content\/uploads\/2021\/02\/134134536_869689200531747_6608608074139497118_o-1024x576.jpg\"><div style=\"background-image: url(https:\/\/www.jazeraajazierka.eu\/wp-content\/uploads\/2021\/02\/134134536_869689200531747_6608608074139497118_o-70x39.jpg);\"><\/div><\/div><div class=\"content\"><h5>Vizualiz\u00e1cia \/ 10<\/h5><\/div><a href=\"https:\/\/www.jazeraajazierka.eu\/?pt-portfolio=vizualizacia-10\" data-magic-cursor=\"link-w-text\" data-magic-cursor-text=\"Pozrie\u0165\" data-id=\"8\"><\/a><\/div><\/article><article class=\"portfolio-item  category-vizualizacie col-12 col-sm-4 col-md-3\"><div class=\"wrap\"><div class=\"a-img\" data-original=\"https:\/\/www.jazeraajazierka.eu\/wp-content\/uploads\/2021\/02\/69518389_498667134300624_2914747463434764288_o_498667130967291-1024x576.jpg\"><div style=\"background-image: url(https:\/\/www.jazeraajazierka.eu\/wp-content\/uploads\/2021\/02\/69518389_498667134300624_2914747463434764288_o_498667130967291-70x39.jpg);\"><\/div><\/div><div class=\"content\"><h5>Vizualiz\u00e1cia \/ 09<\/h5><\/div><a href=\"https:\/\/www.jazeraajazierka.eu\/?pt-portfolio=vizualizacia-09\" data-magic-cursor=\"link-w-text\" data-magic-cursor-text=\"Pozrie\u0165\" data-id=\"9\"><\/a><\/div><\/article><article class=\"portfolio-item  category-vizualizacie col-12 col-sm-4 col-md-3\"><div class=\"wrap\"><div class=\"a-img\" data-original=\"https:\/\/www.jazeraajazierka.eu\/wp-content\/uploads\/2021\/02\/n6-1024x576.jpg\"><div style=\"background-image: url(https:\/\/www.jazeraajazierka.eu\/wp-content\/uploads\/2021\/02\/n6-70x39.jpg);\"><\/div><\/div><div class=\"content\"><h5>Vizualiz\u00e1cia \/ 08<\/h5><\/div><a href=\"https:\/\/www.jazeraajazierka.eu\/?pt-portfolio=vizualizacia-08\" data-magic-cursor=\"link-w-text\" data-magic-cursor-text=\"Pozrie\u0165\" data-id=\"10\"><\/a><\/div><\/article><article class=\"portfolio-item  category-vizualizacie col-12 col-sm-4 col-md-3\"><div class=\"wrap\"><div class=\"a-img\" data-original=\"https:\/\/www.jazeraajazierka.eu\/wp-content\/uploads\/2021\/02\/3-3-1024x576.jpg\"><div style=\"background-image: url(https:\/\/www.jazeraajazierka.eu\/wp-content\/uploads\/2021\/02\/3-3-70x39.jpg);\"><\/div><\/div><div class=\"content\"><h5>Vizualiz\u00e1cia \/ 07<\/h5><\/div><a href=\"https:\/\/www.jazeraajazierka.eu\/?pt-portfolio=vizualizacia-07\" data-magic-cursor=\"link-w-text\" data-magic-cursor-text=\"Pozrie\u0165\" data-id=\"11\"><\/a><\/div><\/article><article class=\"portfolio-item  category-vizualizacie col-12 col-sm-4 col-md-3\"><div class=\"wrap\"><div class=\"a-img\" data-original=\"https:\/\/www.jazeraajazierka.eu\/wp-content\/uploads\/2021\/02\/5-2-1024x576.jpg\"><div style=\"background-image: url(https:\/\/www.jazeraajazierka.eu\/wp-content\/uploads\/2021\/02\/5-2-70x39.jpg);\"><\/div><\/div><div class=\"content\"><h5>Vizualiz\u00e1cia \/ 06<\/h5><\/div><a href=\"https:\/\/www.jazeraajazierka.eu\/?pt-portfolio=vizualizacia-06\" data-magic-cursor=\"link-w-text\" data-magic-cursor-text=\"Pozrie\u0165\" data-id=\"12\"><\/a><\/div><\/article><\/div><div class=\"load-button tac\"><a href=\"#\" data-array=\"[{&quot;id&quot;:1424,&quot;cat&quot;:[&quot;vizualizacie&quot;]},{&quot;id&quot;:1417,&quot;cat&quot;:[&quot;vizualizacie&quot;]},{&quot;id&quot;:1403,&quot;cat&quot;:[&quot;vizualizacie&quot;]},{&quot;id&quot;:1383,&quot;cat&quot;:[&quot;vizualizacie&quot;]},{&quot;id&quot;:1381,&quot;cat&quot;:[&quot;vizualizacie&quot;]}]\" data-count=\"12\" data-atts=\"{&quot;uniqid&quot;:&quot;602da72a8b94e&quot;,&quot;count_items&quot;:&quot;12&quot;,&quot;type&quot;:&quot;grid&quot;,&quot;cols&quot;:&quot;4&quot;,&quot;hover&quot;:&quot;type_2&quot;,&quot;hover_disable&quot;:&quot;&quot;,&quot;popup_gallery&quot;:&quot;on&quot;,&quot;popup_mode&quot;:&quot;off&quot;,&quot;popup_mode_title&quot;:&quot;off&quot;,&quot;popup_mode_desc&quot;:&quot;off&quot;,&quot;project_link&quot;:&quot;off&quot;,&quot;filter_buttons&quot;:&quot;on&quot;,&quot;filter_buttons_align&quot;:&quot;tac&quot;,&quot;desc_size&quot;:&quot;45&quot;,&quot;gap&quot;:&quot;on&quot;,&quot;thumb_size&quot;:&quot;medium&quot;,&quot;navigation&quot;:&quot;load_more_on_scroll&quot;,&quot;show_heading&quot;:&quot;on&quot;,&quot;show_desc&quot;:&quot;off&quot;,&quot;show_categories&quot;:&quot;on&quot;,&quot;orderby&quot;:&quot;title&quot;,&quot;order&quot;:&quot;DESC&quot;,&quot;source&quot;:&quot;categories&quot;,&quot;items&quot;:&quot;&quot;,&quot;categories&quot;:&quot;18&quot;,&quot;save_aspect_ratio&quot;:&quot;off&quot;,&quot;carousel_nav&quot;:&quot;off&quot;,&quot;infinite_loop&quot;:&quot;on&quot;,&quot;mousewheel&quot;:&quot;on&quot;,&quot;speed&quot;:&quot;300&quot;,&quot;autoplay&quot;:&quot;on&quot;,&quot;autoplay_speed&quot;:&quot;5000&quot;,&quot;width&quot;:&quot;600&quot;,&quot;id&quot;:1428}\" class=\"button-style2 loadmore-button load_more_on_scroll\"><span>Nahra\u0165 \u010fa\u013e\u0161ie<\/span><\/a><\/div><\/div>[\/vc_column][\/vc_row]<\/p>\n","protected":false},"excerpt":{"rendered":"<p>[vc_row][vc_column][vc_empty_space height=&#8220;100&#8243;][\/vc_column][\/vc_row][vc_row][vc_column][vc_separator][vc_column_text] NOVINKOU pre na\u0161ich klientov je digit\u00e1lna vizualiz\u00e1cia. Jej s\u00fa\u010das\u0165ou s\u00fa statick\u00e9 sn\u00edmky ako aj n\u00e1h\u013eadov\u00e9 video. V\u010faka tomu si budete m\u00f4c\u0165 vopred pozrie\u0165 predbe\u017en\u00fd vzh\u013ead fin\u00e1lneho produktu. [\/vc_column_text][\/vc_column][\/vc_row][vc_row css=&#8220;.vc_custom_1613606261648{padding-right: 100px !important;padding-left: 100px !important;}&#8220; uniqid=&#8220;602dad647e0e9&#8243;][vc_column][\/vc_column][\/vc_row]<\/p>\n","protected":false},"author":1,"featured_media":0,"parent":0,"menu_order":0,"comment_status":"closed","ping_status":"closed","template":"redux-templates_contained","meta":{"_acf_changed":false,"_monsterinsights_skip_tracking":false,"_monsterinsights_sitenote_active":false,"_monsterinsights_sitenote_note":"","_monsterinsights_sitenote_category":0,"footnotes":""},"class_list":["post-1292","page","type-page","status-publish","hentry"],"acf":[],"featured_image_urls_v2":{"full":"","thumbnail":"","medium":"","medium_large":"","large":"","1536x1536":"","2048x2048":"","yprm-lazyloading-placeholder":"","woocommerce_thumbnail":"","woocommerce_single":"","woocommerce_gallery_thumbnail":"","shop_catalog":"","shop_single":"","shop_thumbnail":""},"post_excerpt_stackable_v2":"<p>[vc_row][vc_column][vc_empty_space height=&#8220;100&#8243;][\/vc_column][\/vc_row][vc_row][vc_column] Vizualiz\u00e1cie [vc_separator][vc_column_text] NOVINKOU pre na\u0161ich klientov je digit\u00e1lna vizualiz\u00e1cia. Jej s\u00fa\u010das\u0165ou s\u00fa statick\u00e9 sn\u00edmky ako aj n\u00e1h\u013eadov\u00e9 video. V\u010faka tomu si budete m\u00f4c\u0165 vopred pozrie\u0165 predbe\u017en\u00fd vzh\u013ead fin\u00e1lneho produktu. [\/vc_column_text][\/vc_column][\/vc_row][vc_row css=&#8220;.vc_custom_1613606261648{padding-right: 100px !important;padding-left: 100px !important;}&#8220; uniqid=&#8220;602dad647e0e9&#8243;][vc_column]Vizualiz\u00e1cia \/ 17Vizualiz\u00e1cia \/ 16Vizualiz\u00e1cia \/ 15Vizualiz\u00e1cia \/ 14Vizualiz\u00e1cia \/ 13Vizualiz\u00e1cia \/ 12Vizualiz\u00e1cia \/ 11Vizualiz\u00e1cia \/ 10Vizualiz\u00e1cia \/ 09Vizualiz\u00e1cia \/ 08Vizualiz\u00e1cia \/ 07Vizualiz\u00e1cia \/ 06Nahra\u0165 \u010fa\u013e\u0161ie[\/vc_column][\/vc_row]<\/p>\n","category_list_v2":"","author_info_v2":{"name":"martinhecko","url":"https:\/\/www.jazeraajazierka.eu\/?author=1"},"comments_num_v2":"0 comments","yoast_head":"<!-- This site is optimized with the Yoast SEO plugin v24.7 - https:\/\/yoast.com\/wordpress\/plugins\/seo\/ -->\n<title>Vizualiz\u00e1cie - Jazer\u00e1 &amp; jazierka \/ od n\u00e1vrhu po realiz\u00e1ciu<\/title>\n<meta name=\"robots\" content=\"index, follow, max-snippet:-1, max-image-preview:large, max-video-preview:-1\" \/>\n<link rel=\"canonical\" href=\"https:\/\/www.jazeraajazierka.eu\/?page_id=1292\" \/>\n<meta property=\"og:locale\" content=\"sk_SK\" \/>\n<meta property=\"og:type\" content=\"article\" \/>\n<meta property=\"og:title\" content=\"Vizualiz\u00e1cie - Jazer\u00e1 &amp; jazierka \/ od n\u00e1vrhu po realiz\u00e1ciu\" \/>\n<meta property=\"og:description\" content=\"[vc_row][vc_column][vc_empty_space height=&#8220;100&#8243;][\/vc_column][\/vc_row][vc_row][vc_column][vc_separator][vc_column_text] NOVINKOU pre na\u0161ich klientov je digit\u00e1lna vizualiz\u00e1cia. Jej s\u00fa\u010das\u0165ou s\u00fa statick\u00e9 sn\u00edmky ako aj n\u00e1h\u013eadov\u00e9 video. V\u010faka tomu si budete m\u00f4c\u0165 vopred pozrie\u0165 predbe\u017en\u00fd vzh\u013ead fin\u00e1lneho produktu. [\/vc_column_text][\/vc_column][\/vc_row][vc_row css=&#8220;.vc_custom_1613606261648{padding-right: 100px !important;padding-left: 100px !important;}&#8220; uniqid=&#8220;602dad647e0e9&#8243;][vc_column][\/vc_column][\/vc_row]\" \/>\n<meta property=\"og:url\" content=\"https:\/\/www.jazeraajazierka.eu\/?page_id=1292\" \/>\n<meta property=\"og:site_name\" content=\"Jazer\u00e1 &amp; jazierka \/ od n\u00e1vrhu po realiz\u00e1ciu\" \/>\n<meta property=\"article:modified_time\" content=\"2021-02-25T21:05:27+00:00\" \/>\n<meta name=\"twitter:card\" content=\"summary_large_image\" \/>\n<meta name=\"twitter:label1\" content=\"Predpokladan\u00fd \u010das \u010d\u00edtania\" \/>\n\t<meta name=\"twitter:data1\" content=\"1 min\u00fata\" \/>\n<script type=\"application\/ld+json\" class=\"yoast-schema-graph\">{\"@context\":\"https:\/\/schema.org\",\"@graph\":[{\"@type\":\"WebPage\",\"@id\":\"https:\/\/www.jazeraajazierka.eu\/?page_id=1292\",\"url\":\"https:\/\/www.jazeraajazierka.eu\/?page_id=1292\",\"name\":\"Vizualiz\u00e1cie - Jazer\u00e1 &amp; jazierka \/ od n\u00e1vrhu po realiz\u00e1ciu\",\"isPartOf\":{\"@id\":\"https:\/\/www.jazeraajazierka.eu\/#website\"},\"datePublished\":\"2021-02-17T22:12:28+00:00\",\"dateModified\":\"2021-02-25T21:05:27+00:00\",\"breadcrumb\":{\"@id\":\"https:\/\/www.jazeraajazierka.eu\/?page_id=1292#breadcrumb\"},\"inLanguage\":\"sk-SK\",\"potentialAction\":[{\"@type\":\"ReadAction\",\"target\":[\"https:\/\/www.jazeraajazierka.eu\/?page_id=1292\"]}]},{\"@type\":\"BreadcrumbList\",\"@id\":\"https:\/\/www.jazeraajazierka.eu\/?page_id=1292#breadcrumb\",\"itemListElement\":[{\"@type\":\"ListItem\",\"position\":1,\"name\":\"Domov\",\"item\":\"https:\/\/www.jazeraajazierka.eu\/\"},{\"@type\":\"ListItem\",\"position\":2,\"name\":\"Vizualiz\u00e1cie\"}]},{\"@type\":\"WebSite\",\"@id\":\"https:\/\/www.jazeraajazierka.eu\/#website\",\"url\":\"https:\/\/www.jazeraajazierka.eu\/\",\"name\":\"Jazer\u00e1 &amp; jazierka \/ od n\u00e1vrhu po realiz\u00e1ciu\",\"description\":\"\",\"potentialAction\":[{\"@type\":\"SearchAction\",\"target\":{\"@type\":\"EntryPoint\",\"urlTemplate\":\"https:\/\/www.jazeraajazierka.eu\/?s={search_term_string}\"},\"query-input\":{\"@type\":\"PropertyValueSpecification\",\"valueRequired\":true,\"valueName\":\"search_term_string\"}}],\"inLanguage\":\"sk-SK\"}]}<\/script>\n<!-- \/ Yoast SEO plugin. -->","yoast_head_json":{"title":"Vizualiz\u00e1cie - Jazer\u00e1 &amp; jazierka \/ od n\u00e1vrhu po realiz\u00e1ciu","robots":{"index":"index","follow":"follow","max-snippet":"max-snippet:-1","max-image-preview":"max-image-preview:large","max-video-preview":"max-video-preview:-1"},"canonical":"https:\/\/www.jazeraajazierka.eu\/?page_id=1292","og_locale":"sk_SK","og_type":"article","og_title":"Vizualiz\u00e1cie - Jazer\u00e1 &amp; jazierka \/ od n\u00e1vrhu po realiz\u00e1ciu","og_description":"[vc_row][vc_column][vc_empty_space height=&#8220;100&#8243;][\/vc_column][\/vc_row][vc_row][vc_column][vc_separator][vc_column_text] NOVINKOU pre na\u0161ich klientov je digit\u00e1lna vizualiz\u00e1cia. Jej s\u00fa\u010das\u0165ou s\u00fa statick\u00e9 sn\u00edmky ako aj n\u00e1h\u013eadov\u00e9 video. V\u010faka tomu si budete m\u00f4c\u0165 vopred pozrie\u0165 predbe\u017en\u00fd vzh\u013ead fin\u00e1lneho produktu. [\/vc_column_text][\/vc_column][\/vc_row][vc_row css=&#8220;.vc_custom_1613606261648{padding-right: 100px !important;padding-left: 100px !important;}&#8220; uniqid=&#8220;602dad647e0e9&#8243;][vc_column][\/vc_column][\/vc_row]","og_url":"https:\/\/www.jazeraajazierka.eu\/?page_id=1292","og_site_name":"Jazer\u00e1 &amp; jazierka \/ od n\u00e1vrhu po realiz\u00e1ciu","article_modified_time":"2021-02-25T21:05:27+00:00","twitter_card":"summary_large_image","twitter_misc":{"Predpokladan\u00fd \u010das \u010d\u00edtania":"1 min\u00fata"},"schema":{"@context":"https:\/\/schema.org","@graph":[{"@type":"WebPage","@id":"https:\/\/www.jazeraajazierka.eu\/?page_id=1292","url":"https:\/\/www.jazeraajazierka.eu\/?page_id=1292","name":"Vizualiz\u00e1cie - Jazer\u00e1 &amp; jazierka \/ od n\u00e1vrhu po realiz\u00e1ciu","isPartOf":{"@id":"https:\/\/www.jazeraajazierka.eu\/#website"},"datePublished":"2021-02-17T22:12:28+00:00","dateModified":"2021-02-25T21:05:27+00:00","breadcrumb":{"@id":"https:\/\/www.jazeraajazierka.eu\/?page_id=1292#breadcrumb"},"inLanguage":"sk-SK","potentialAction":[{"@type":"ReadAction","target":["https:\/\/www.jazeraajazierka.eu\/?page_id=1292"]}]},{"@type":"BreadcrumbList","@id":"https:\/\/www.jazeraajazierka.eu\/?page_id=1292#breadcrumb","itemListElement":[{"@type":"ListItem","position":1,"name":"Domov","item":"https:\/\/www.jazeraajazierka.eu\/"},{"@type":"ListItem","position":2,"name":"Vizualiz\u00e1cie"}]},{"@type":"WebSite","@id":"https:\/\/www.jazeraajazierka.eu\/#website","url":"https:\/\/www.jazeraajazierka.eu\/","name":"Jazer\u00e1 &amp; jazierka \/ od n\u00e1vrhu po realiz\u00e1ciu","description":"","potentialAction":[{"@type":"SearchAction","target":{"@type":"EntryPoint","urlTemplate":"https:\/\/www.jazeraajazierka.eu\/?s={search_term_string}"},"query-input":{"@type":"PropertyValueSpecification","valueRequired":true,"valueName":"search_term_string"}}],"inLanguage":"sk-SK"}]}},"_links":{"self":[{"href":"https:\/\/www.jazeraajazierka.eu\/index.php?rest_route=\/wp\/v2\/pages\/1292","targetHints":{"allow":["GET"]}}],"collection":[{"href":"https:\/\/www.jazeraajazierka.eu\/index.php?rest_route=\/wp\/v2\/pages"}],"about":[{"href":"https:\/\/www.jazeraajazierka.eu\/index.php?rest_route=\/wp\/v2\/types\/page"}],"author":[{"embeddable":true,"href":"https:\/\/www.jazeraajazierka.eu\/index.php?rest_route=\/wp\/v2\/users\/1"}],"replies":[{"embeddable":true,"href":"https:\/\/www.jazeraajazierka.eu\/index.php?rest_route=%2Fwp%2Fv2%2Fcomments&post=1292"}],"version-history":[{"count":7,"href":"https:\/\/www.jazeraajazierka.eu\/index.php?rest_route=\/wp\/v2\/pages\/1292\/revisions"}],"predecessor-version":[{"id":1778,"href":"https:\/\/www.jazeraajazierka.eu\/index.php?rest_route=\/wp\/v2\/pages\/1292\/revisions\/1778"}],"wp:attachment":[{"href":"https:\/\/www.jazeraajazierka.eu\/index.php?rest_route=%2Fwp%2Fv2%2Fmedia&parent=1292"}],"curies":[{"name":"wp","href":"https:\/\/api.w.org\/{rel}","templated":true}]}}